{"id":2,"date":"2022-11-16T12:12:17","date_gmt":"2022-11-16T15:12:17","guid":{"rendered":"https:\/\/www.tepatiki.com.ar\/?page_id=2"},"modified":"2026-03-21T11:11:06","modified_gmt":"2026-03-21T14:11:06","slug":"bienvenida","status":"publish","type":"page","link":"https:\/\/www.tepatiki.com.ar\/index.php\/bienvenida\/","title":{"rendered":"Bienvenidos a Tepatiki Editorial"},"content":{"rendered":"\n<p>Bienvenidos a Tepatiki Editorial.  <\/p>\n\n\n\n<p>Editamos esos libros que aun no existen. Libros del andar en el camino, que de pronto se conforman a partir de viajes, entrevistas, charlas, vivencias en presencia. Y de pronto quieren ser libros. Libros que nos trascender\u00e1n en los que los elijan leer.<\/p>\n\n\n\n<p>La l\u00ednea editorial es de Cosmovivencia, Ecopoesia, Agroecologia, Ontologia y Epistemologias andinas y amaz\u00f3nicas. Territorio.<\/p>\n\n\n\n<p>Y si bien editorial no tiene un fin comercial, en cambio s\u00ed es auto-sustentable. Como as\u00ed hay libros digitales, gratuitos, que los veras en el Catalogo Libre, para su descarga, tambi\u00e9n hay ediciones ampliadas en f\u00edsico (papel) y tambien en <a href=\"https:\/\/www.amazon.com\/stores\/Martin-D-Cernadas\/author\/B0F1JQZTC4\" target=\"_blank\" rel=\"noopener\" title=\"\">Kindle, de Amazon<\/a>. Todas ellas, adem\u00e1s, en <a href=\"https:\/\/tepatikieditorial.mitiendanube.com\/\" target=\"_blank\" rel=\"noopener\" title=\"\">nuestro propio sitio de ventas<\/a>, para clientes locales de Argentina.<\/p>\n\n\n\n<p> Para que trasciendas el Conocimiento, el Conocedor y lo Conocido. Y que en el mientras, le pongas Amor.<\/p>\n\n\n\n<p><\/p>\n\n\n\n<p><\/p>\n\n\n\n<figure class=\"wp-block-image size-full\"><img loading=\"lazy\" decoding=\"async\" width=\"208\" height=\"164\" src=\"https:\/\/www.tepatiki.com.ar\/wp-content\/uploads\/2024\/05\/ovaladaE.negra_.Virginia.jpg\" alt=\"\" class=\"wp-image-422\"\/><\/figure>\n\n\n\n<p><\/p>\n\n\n\n<p><\/p>\n\n\n\n<p><\/p>\n\n\n\n<p><\/p>\n<p>Views: 36<\/p>","protected":false},"excerpt":{"rendered":"<p>Bienvenidos a Tepatiki Editorial. Editamos esos libros que aun no existen. Libros del andar en el camino, que de pronto&#8230;<\/p>\n<p class=\"more-link-wrap\"><a href=\"https:\/\/www.tepatiki.com.ar\/index.php\/bienvenida\/\" class=\"more-link\">Read More<span class=\"screen-reader-text\"> &ldquo;Bienvenidos a Tepatiki Editorial&rdquo;<\/span> &raquo;<\/a><\/p>\n","protected":false},"author":1,"featured_media":0,"parent":0,"menu_order":0,"comment_status":"closed","ping_status":"closed","template":"","meta":{"_monsterinsights_skip_tracking":false,"_monsterinsights_sitenote_active":false,"_monsterinsights_sitenote_note":"","_monsterinsights_sitenote_category":0,"_uf_show_specific_survey":0,"_uf_disable_surveys":false,"footnotes":""},"class_list":["post-2","page","type-page","status-publish","hentry"],"aioseo_notices":[],"_links":{"self":[{"href":"https:\/\/www.tepatiki.com.ar\/index.php\/wp-json\/wp\/v2\/pages\/2","targetHints":{"allow":["GET"]}}],"collection":[{"href":"https:\/\/www.tepatiki.com.ar\/index.php\/wp-json\/wp\/v2\/pages"}],"about":[{"href":"https:\/\/www.tepatiki.com.ar\/index.php\/wp-json\/wp\/v2\/types\/page"}],"author":[{"embeddable":true,"href":"https:\/\/www.tepatiki.com.ar\/index.php\/wp-json\/wp\/v2\/users\/1"}],"replies":[{"embeddable":true,"href":"https:\/\/www.tepatiki.com.ar\/index.php\/wp-json\/wp\/v2\/comments?post=2"}],"version-history":[{"count":11,"href":"https:\/\/www.tepatiki.com.ar\/index.php\/wp-json\/wp\/v2\/pages\/2\/revisions"}],"predecessor-version":[{"id":1219,"href":"https:\/\/www.tepatiki.com.ar\/index.php\/wp-json\/wp\/v2\/pages\/2\/revisions\/1219"}],"wp:attachment":[{"href":"https:\/\/www.tepatiki.com.ar\/index.php\/wp-json\/wp\/v2\/media?parent=2"}],"curies":[{"name":"wp","href":"https:\/\/api.w.org\/{rel}","templated":true}]}}