{"id":381,"date":"2024-03-06T15:52:03","date_gmt":"2024-03-06T18:52:03","guid":{"rendered":"https:\/\/www.tepatiki.com.ar\/?page_id=381"},"modified":"2026-03-16T14:09:25","modified_gmt":"2026-03-16T17:09:25","slug":"tienda-online","status":"publish","type":"page","link":"https:\/\/www.tepatiki.com.ar\/index.php\/tienda-online\/","title":{"rendered":"Tienda Online de la Editorial y Librer\u00edas amigas"},"content":{"rendered":"\n<p>Para comprar en linea los libros digitales y fisicos, te invitamos a ver el catalogo en <a href=\"https:\/\/tepatikieditorial.mitiendanube.com\/\" data-type=\"link\" data-id=\"https:\/\/tepatikieditorial.mitiendanube.com\/\">Tienda Nube<\/a>, para lo que son despachos en Argentina<\/p>\n\n\n\n<div class=\"wp-block-buttons is-layout-flex wp-block-buttons-is-layout-flex\">\n<div class=\"wp-block-button\"><a class=\"wp-block-button__link wp-element-button\" href=\"https:\/\/tepatikieditorial.mitiendanube.com\/\">Tienda Tepatiki Editorial <\/a><\/div>\n<\/div>\n\n\n\n<p>Para fuera del pa\u00eds y adem\u00e1s versiones de los libros en ingl\u00e9s, ver Amazon Kindle Store.<\/p>\n\n\n\n<div class=\"wp-block-buttons is-layout-flex wp-block-buttons-is-layout-flex\">\n<div class=\"wp-block-button\"><a class=\"wp-block-button__link wp-element-button\" href=\"https:\/\/www.amazon.com\/s?k=Martin+D+Cernadas&amp;i=digital-text&amp;s=date-desc-rank&amp;__mk_es_US=%C3%85M%C3%85%C5%BD%C3%95%C3%91&amp;crid=347DUSZ4DNY22&amp;qid=1747850421&amp;sprefix=martin+d+cernadas%2Cdigital-text%2C1750&amp;ref=sr_st_date-desc-rank&amp;ds=v1%3ANlIpjHuT0If6nMzVSJy6VN1RNoKsUEQFCmyruArJ%2BMg\">Kindle Store de Amazon<\/a><\/div>\n<\/div>\n\n\n\n<p>En la <strong>Kindle Store de Tepatiki<\/strong>, tambi\u00e9n podes pedir la versi\u00f3n en papel o f\u00edsica, adem\u00e1s de la digital.<\/p>\n\n\n\n<p>Tambien podes encontrarnos presencialmente, en nuestras librer\u00edas amigas, que tienen f\u00edsicamente, algunos ejemplares de nuestros t\u00edtulos.<\/p>\n\n\n\n<p><\/p>\n\n\n\n<figure class=\"wp-block-image size-full\"><img loading=\"lazy\" decoding=\"async\" width=\"150\" height=\"150\" src=\"https:\/\/www.tepatiki.com.ar\/wp-content\/uploads\/2026\/03\/image.png\" alt=\"\" class=\"wp-image-1216\"\/><\/figure>\n\n\n\n<ul class=\"wp-block-list\">\n<li>Alquimia Caf\u00e9 Literario\n<ul class=\"wp-block-list\">\n<li>&#8211; \ud83d\udccdRP1 Camino Gral. Belgrano y calle 418, Villa Elisa, Bs.As., Argentina<br>&#8211; Envios a todo el pa\u00eds\ud83d\udcec- Consultar +54-221 5565670.\n<ul class=\"wp-block-list\">\n<li><a href=\"https:\/\/www.instagram.com\/alquimia_cafeliterario\/\" target=\"_blank\" rel=\"noopener\" title=\"\">https:\/\/www.instagram.com\/alquimia_cafeliterario\/<\/a><\/li>\n<\/ul>\n<\/li>\n<\/ul>\n<\/li>\n<\/ul>\n\n\n\n<p><\/p>\n\n\n\n<figure class=\"wp-block-image size-full\"><img loading=\"lazy\" decoding=\"async\" width=\"150\" height=\"150\" src=\"https:\/\/www.tepatiki.com.ar\/wp-content\/uploads\/2026\/01\/Logo-moby-dick-libros-1.jpg\" alt=\"\" class=\"wp-image-1126\"\/><\/figure>\n\n\n\n<ul class=\"wp-block-list\">\n<li>Librer\u00eda Moby Dick \n<ul class=\"wp-block-list\">\n<li>\ud83d\udccdRivadavia 281, L3, Capilla del Monte, Cba., Argentina<br>&#8211; Envios a todo el pa\u00eds\ud83d\udcec<\/li>\n\n\n\n<li>&#8211; Consultar +54-9-351-2088198.<\/li>\n\n\n\n<li><a href=\"https:\/\/www.instagram.com\/mobydicklibros\/\" target=\"_blank\" rel=\"noopener\" title=\"\">https:\/\/www.instagram.com\/mobydicklibros\/<\/a> <\/li>\n<\/ul>\n<\/li>\n<\/ul>\n\n\n\n<figure class=\"wp-block-image size-full\"><img loading=\"lazy\" decoding=\"async\" width=\"150\" height=\"150\" src=\"https:\/\/www.tepatiki.com.ar\/wp-content\/uploads\/2025\/11\/image-2.png\" alt=\"\" class=\"wp-image-1090\"\/><\/figure>\n\n\n\n<ul class=\"wp-block-list\">\n<li>Librer\u00eda del Naturalista. <a href=\"https:\/\/www.instagram.com\/labibliotecadelnaturalista\/\" target=\"_blank\" rel=\"noopener\" title=\"\">https:\/\/www.instagram.com\/labibliotecadelnaturalista\/<\/a> , \n<ul class=\"wp-block-list\">\n<li>\ud83c\udf08 Librer\u00eda y editorial\ud83d\udcdaespecializada en textos de naturaleza de Argentina y el cono sur!<\/li>\n\n\n\n<li>Pas\u00e1 a ver nuestra tienda: Calle 45 #1056 e\/16 y 17, La Plata, Buenos Aires 1900, Argentina.<\/li>\n<\/ul>\n<\/li>\n<\/ul>\n\n\n\n<figure class=\"wp-block-image size-full\"><img loading=\"lazy\" decoding=\"async\" width=\"150\" height=\"150\" src=\"https:\/\/www.tepatiki.com.ar\/wp-content\/uploads\/2025\/11\/image-1.png\" alt=\"\" class=\"wp-image-1089\"\/><\/figure>\n\n\n\n<ul class=\"wp-block-list\">\n<li>Librer\u00eda Volc\u00e1n Azul, <a href=\"https:\/\/www.instagram.com\/volcanazullibros\/\" target=\"_blank\" rel=\"noopener\" title=\"\">https:\/\/www.instagram.com\/volcanazullibros\/<\/a>,\n<ul class=\"wp-block-list\">\n<li>\ud83c\udf08#Librer\u00eda y refugio cultural<\/li>\n\n\n\n<li>Lun a vier. de 10.30 a 20 hs. Sab de 16 a 20 hs. Cadeter\u00eda en C\u00f3rdoba y env\u00edos a todo el pa\u00eds.<\/li>\n\n\n\n<li>Independencia 1247, Nueva C\u00f3rdoba, C\u00f3rdoba 5000, Argentina <\/li>\n<\/ul>\n<\/li>\n<\/ul>\n\n\n\n<figure class=\"wp-block-image size-full\"><img loading=\"lazy\" decoding=\"async\" width=\"150\" height=\"150\" src=\"https:\/\/www.tepatiki.com.ar\/wp-content\/uploads\/2025\/11\/image.png\" alt=\"\" class=\"wp-image-1087\"\/><\/figure>\n\n\n\n<ul class=\"wp-block-list\">\n<li>Librer\u00eda Medio Pan y Un Libro, <a href=\"https:\/\/www.instagram.com\/mediopanlibros\/\" target=\"_blank\" rel=\"noopener\" title=\"\">https:\/\/www.instagram.com\/mediopanlibros\/<\/a>,\n<ul class=\"wp-block-list\">\n<li>L a Vier de 10 a 20h, S\u00e1b de 10 a 19:30h, Dom de 11 a 19h<\/li>\n\n\n\n<li>\ud83c\udf08 Nuestro refugio cafetero&nbsp;<a href=\"https:\/\/www.instagram.com\/mediopancafe\/\">@mediopancafe<\/a>&nbsp;\u2615\ufe0f<\/li>\n\n\n\n<li>Virrey aviles 3700, Buenos Aires, Argentina<\/li>\n<\/ul>\n<\/li>\n<\/ul>\n\n\n\n<p><\/p>\n<p>Views: 101<\/p>","protected":false},"excerpt":{"rendered":"<p>Para comprar en linea los libros digitales y fisicos, te invitamos a ver el catalogo en Tienda Nube, para lo&#8230;<\/p>\n<p class=\"more-link-wrap\"><a href=\"https:\/\/www.tepatiki.com.ar\/index.php\/tienda-online\/\" class=\"more-link\">Read More<span class=\"screen-reader-text\"> &ldquo;Tienda Online de la Editorial y Librer\u00edas amigas&rdquo;<\/span> &raquo;<\/a><\/p>\n","protected":false},"author":1,"featured_media":0,"parent":0,"menu_order":0,"comment_status":"closed","ping_status":"closed","template":"","meta":{"_monsterinsights_skip_tracking":false,"_monsterinsights_sitenote_active":false,"_monsterinsights_sitenote_note":"","_monsterinsights_sitenote_category":0,"_uf_show_specific_survey":0,"_uf_disable_surveys":false,"footnotes":""},"class_list":["post-381","page","type-page","status-publish","hentry"],"aioseo_notices":[],"_links":{"self":[{"href":"https:\/\/www.tepatiki.com.ar\/index.php\/wp-json\/wp\/v2\/pages\/381","targetHints":{"allow":["GET"]}}],"collection":[{"href":"https:\/\/www.tepatiki.com.ar\/index.php\/wp-json\/wp\/v2\/pages"}],"about":[{"href":"https:\/\/www.tepatiki.com.ar\/index.php\/wp-json\/wp\/v2\/types\/page"}],"author":[{"embeddable":true,"href":"https:\/\/www.tepatiki.com.ar\/index.php\/wp-json\/wp\/v2\/users\/1"}],"replies":[{"embeddable":true,"href":"https:\/\/www.tepatiki.com.ar\/index.php\/wp-json\/wp\/v2\/comments?post=381"}],"version-history":[{"count":11,"href":"https:\/\/www.tepatiki.com.ar\/index.php\/wp-json\/wp\/v2\/pages\/381\/revisions"}],"predecessor-version":[{"id":1217,"href":"https:\/\/www.tepatiki.com.ar\/index.php\/wp-json\/wp\/v2\/pages\/381\/revisions\/1217"}],"wp:attachment":[{"href":"https:\/\/www.tepatiki.com.ar\/index.php\/wp-json\/wp\/v2\/media?parent=381"}],"curies":[{"name":"wp","href":"https:\/\/api.w.org\/{rel}","templated":true}]}}