{"id":416,"date":"2024-05-19T18:19:54","date_gmt":"2024-05-19T21:19:54","guid":{"rendered":"https:\/\/www.tepatiki.com.ar\/?page_id=416"},"modified":"2025-01-29T01:13:08","modified_gmt":"2025-01-29T04:13:08","slug":"un-viaje-para-conocer-el-territorio-del-ausangate","status":"publish","type":"page","link":"https:\/\/www.tepatiki.com.ar\/index.php\/viajes-de-conocimiento\/un-viaje-para-conocer-el-territorio-del-ausangate\/","title":{"rendered":"Un viaje para conocer el territorio del Ausangate"},"content":{"rendered":"\n<p><\/p>\n\n\n\n<p>Pacchanta, se localiza a los pies del Ausangate, en Per\u00fa, a mas de 100km de Lima. Es la localidad de referencia para la familia Turpo. Especialmente, Rufino Turpo, nieto del alto-misayoq Mariano Turpo. Siendo el Ausangate el apu tutelar, y quiz\u00e1s el mas importante de todos los apus para la medicina nativa tradicional del Per\u00fa, es el lugar indicado para los viajes de conocimiento nativo, tomar contacto, charlar con el maestro, y armar v\u00ednculos.<\/p>\n\n\n\n<figure class=\"wp-block-image size-large\"><img loading=\"lazy\" decoding=\"async\" width=\"1024\" height=\"461\" src=\"https:\/\/www.tepatiki.com.ar\/wp-content\/uploads\/2024\/05\/IMG_20240510_072927136-1024x461.jpg\" alt=\"\" class=\"wp-image-419\" srcset=\"https:\/\/www.tepatiki.com.ar\/wp-content\/uploads\/2024\/05\/IMG_20240510_072927136-1024x461.jpg 1024w, https:\/\/www.tepatiki.com.ar\/wp-content\/uploads\/2024\/05\/IMG_20240510_072927136-300x135.jpg 300w, https:\/\/www.tepatiki.com.ar\/wp-content\/uploads\/2024\/05\/IMG_20240510_072927136-768x346.jpg 768w, https:\/\/www.tepatiki.com.ar\/wp-content\/uploads\/2024\/05\/IMG_20240510_072927136-1536x691.jpg 1536w, https:\/\/www.tepatiki.com.ar\/wp-content\/uploads\/2024\/05\/IMG_20240510_072927136-2048x922.jpg 2048w\" sizes=\"auto, (max-width: 1024px) 100vw, 1024px\" \/><\/figure>\n\n\n\n<figure class=\"wp-block-image size-large\"><img loading=\"lazy\" decoding=\"async\" width=\"1024\" height=\"461\" src=\"https:\/\/www.tepatiki.com.ar\/wp-content\/uploads\/2024\/05\/IMG_20240510_064056945-1024x461.jpg\" alt=\"\" class=\"wp-image-418\" srcset=\"https:\/\/www.tepatiki.com.ar\/wp-content\/uploads\/2024\/05\/IMG_20240510_064056945-1024x461.jpg 1024w, https:\/\/www.tepatiki.com.ar\/wp-content\/uploads\/2024\/05\/IMG_20240510_064056945-300x135.jpg 300w, https:\/\/www.tepatiki.com.ar\/wp-content\/uploads\/2024\/05\/IMG_20240510_064056945-768x346.jpg 768w, https:\/\/www.tepatiki.com.ar\/wp-content\/uploads\/2024\/05\/IMG_20240510_064056945-1536x691.jpg 1536w, https:\/\/www.tepatiki.com.ar\/wp-content\/uploads\/2024\/05\/IMG_20240510_064056945-2048x922.jpg 2048w\" sizes=\"auto, (max-width: 1024px) 100vw, 1024px\" \/><\/figure>\n\n\n\n<figure class=\"wp-block-image size-large\"><img loading=\"lazy\" decoding=\"async\" width=\"1024\" height=\"461\" src=\"https:\/\/www.tepatiki.com.ar\/wp-content\/uploads\/2024\/05\/IMG_20240510_072700536-1024x461.jpg\" alt=\"\" class=\"wp-image-417\" srcset=\"https:\/\/www.tepatiki.com.ar\/wp-content\/uploads\/2024\/05\/IMG_20240510_072700536-1024x461.jpg 1024w, https:\/\/www.tepatiki.com.ar\/wp-content\/uploads\/2024\/05\/IMG_20240510_072700536-300x135.jpg 300w, https:\/\/www.tepatiki.com.ar\/wp-content\/uploads\/2024\/05\/IMG_20240510_072700536-768x346.jpg 768w, https:\/\/www.tepatiki.com.ar\/wp-content\/uploads\/2024\/05\/IMG_20240510_072700536-1536x691.jpg 1536w, https:\/\/www.tepatiki.com.ar\/wp-content\/uploads\/2024\/05\/IMG_20240510_072700536-2048x922.jpg 2048w\" sizes=\"auto, (max-width: 1024px) 100vw, 1024px\" \/><\/figure>\n\n\n\n<p><\/p>\n\n\n\n<p><\/p>\n<p>Views: 11<\/p>","protected":false},"excerpt":{"rendered":"<p>Pacchanta, se localiza a los pies del Ausangate, en Per\u00fa, a mas de 100km de Lima. Es la localidad de&#8230;<\/p>\n<p class=\"more-link-wrap\"><a href=\"https:\/\/www.tepatiki.com.ar\/index.php\/viajes-de-conocimiento\/un-viaje-para-conocer-el-territorio-del-ausangate\/\" class=\"more-link\">Read More<span class=\"screen-reader-text\"> &ldquo;Un viaje para conocer el territorio del Ausangate&rdquo;<\/span> &raquo;<\/a><\/p>\n","protected":false},"author":1,"featured_media":419,"parent":363,"menu_order":0,"comment_status":"closed","ping_status":"closed","template":"","meta":{"_monsterinsights_skip_tracking":false,"_monsterinsights_sitenote_active":false,"_monsterinsights_sitenote_note":"","_monsterinsights_sitenote_category":0,"_uf_show_specific_survey":0,"_uf_disable_surveys":false,"footnotes":""},"class_list":["post-416","page","type-page","status-publish","has-post-thumbnail","hentry"],"aioseo_notices":[],"_links":{"self":[{"href":"https:\/\/www.tepatiki.com.ar\/index.php\/wp-json\/wp\/v2\/pages\/416","targetHints":{"allow":["GET"]}}],"collection":[{"href":"https:\/\/www.tepatiki.com.ar\/index.php\/wp-json\/wp\/v2\/pages"}],"about":[{"href":"https:\/\/www.tepatiki.com.ar\/index.php\/wp-json\/wp\/v2\/types\/page"}],"author":[{"embeddable":true,"href":"https:\/\/www.tepatiki.com.ar\/index.php\/wp-json\/wp\/v2\/users\/1"}],"replies":[{"embeddable":true,"href":"https:\/\/www.tepatiki.com.ar\/index.php\/wp-json\/wp\/v2\/comments?post=416"}],"version-history":[{"count":2,"href":"https:\/\/www.tepatiki.com.ar\/index.php\/wp-json\/wp\/v2\/pages\/416\/revisions"}],"predecessor-version":[{"id":421,"href":"https:\/\/www.tepatiki.com.ar\/index.php\/wp-json\/wp\/v2\/pages\/416\/revisions\/421"}],"up":[{"embeddable":true,"href":"https:\/\/www.tepatiki.com.ar\/index.php\/wp-json\/wp\/v2\/pages\/363"}],"wp:featuredmedia":[{"embeddable":true,"href":"https:\/\/www.tepatiki.com.ar\/index.php\/wp-json\/wp\/v2\/media\/419"}],"wp:attachment":[{"href":"https:\/\/www.tepatiki.com.ar\/index.php\/wp-json\/wp\/v2\/media?parent=416"}],"curies":[{"name":"wp","href":"https:\/\/api.w.org\/{rel}","templated":true}]}}