{"id":424,"date":"2024-05-24T21:59:56","date_gmt":"2024-05-25T00:59:56","guid":{"rendered":"https:\/\/www.tepatiki.com.ar\/?page_id=424"},"modified":"2026-03-16T13:59:27","modified_gmt":"2026-03-16T16:59:27","slug":"quienes-hacemos-tepatiki-editorial","status":"publish","type":"page","link":"https:\/\/www.tepatiki.com.ar\/index.php\/bienvenida\/quienes-hacemos-tepatiki-editorial\/","title":{"rendered":"Qui\u00e9nes somos en Tepatiki Editorial &#8211; El equipo"},"content":{"rendered":"\n<p><\/p>\n\n\n\n<p>Si bien el equipo se va configurando seg\u00fan el a\u00f1o y los proyectos, quien de algun modo funda la editorial sin saber que esto derivar\u00eda en tal cosa, es quien escribe, Martin D Cernadas. <\/p>\n\n\n\n<p>Primero como editor independiente de textos para autores que necesitaban un editor, y de pronto, editando por mi cuenta libros que no exist\u00edan, y realiz\u00e1ndolos hasta verlos publicados. As\u00ed me d\u00ed cuenta del camino, ni queri\u00e9ndolo, ni llam\u00e1ndolo, ni sabiendo que exist\u00eda, pero s\u00ed camin\u00e1ndolo. As\u00ed se di\u00f3 el <em>alma matter<\/em>.<\/p>\n\n\n\n<p>Como sea, esto no ser\u00eda posible sin Ajmaq, la maquetadora, co-editora, para todo lo que son libros f\u00edsicos que van a imprenta. Compa\u00f1era de viajes, proyectos y dem\u00e1s desde el 2008.<\/p>\n\n\n\n<p><\/p>\n\n\n\n<p><\/p>\n\n\n\n<figure class=\"wp-block-table\"><table><tbody><tr><td>Ajmaq Li Coronado<br><em>Maquetaci\u00f3n, edici\u00f3n, cr\u00edtica, arte, ventas, entrevistas<\/em><\/td><td><img loading=\"lazy\" decoding=\"async\" width=\"150\" height=\"165\" class=\"wp-image-448\" style=\"width: 150px;\" src=\"https:\/\/www.tepatiki.com.ar\/wp-content\/uploads\/2024\/06\/foto-Lili-para-Tepatiki-Editorial.mini_.jpeg\" alt=\"\" srcset=\"https:\/\/www.tepatiki.com.ar\/wp-content\/uploads\/2024\/06\/foto-Lili-para-Tepatiki-Editorial.mini_.jpeg 711w, https:\/\/www.tepatiki.com.ar\/wp-content\/uploads\/2024\/06\/foto-Lili-para-Tepatiki-Editorial.mini_-272x300.jpeg 272w\" sizes=\"auto, (max-width: 150px) 100vw, 150px\" \/><\/td><\/tr><tr><td>Martin D Cernadas<br><em>Edici\u00f3n y prospecci\u00f3n, proyectos, finanzas, autor, alma matter<\/em><\/td><td><img loading=\"lazy\" decoding=\"async\" width=\"150\" height=\"130\" class=\"wp-image-428\" style=\"width: 150px;\" src=\"https:\/\/www.tepatiki.com.ar\/wp-content\/uploads\/2024\/05\/Perfil-4x4-2018-naranja.png\" alt=\"\"><\/td><\/tr><tr><td>Nicolas L Cernadas<br><em>Software developer<\/em><\/td><td><img loading=\"lazy\" decoding=\"async\" width=\"150\" height=\"164\" class=\"wp-image-432\" style=\"width: 150px;\" src=\"https:\/\/www.tepatiki.com.ar\/wp-content\/uploads\/2024\/05\/Nico-Cernadas-copia-1.png\" alt=\"\" srcset=\"https:\/\/www.tepatiki.com.ar\/wp-content\/uploads\/2024\/05\/Nico-Cernadas-copia-1.png 423w, https:\/\/www.tepatiki.com.ar\/wp-content\/uploads\/2024\/05\/Nico-Cernadas-copia-1-274x300.png 274w\" sizes=\"auto, (max-width: 150px) 100vw, 150px\" \/><\/td><\/tr><\/tbody><\/table><\/figure>\n\n\n\n<p><\/p>\n<p>Views: 41<\/p>","protected":false},"excerpt":{"rendered":"<p>Si bien el equipo se va configurando seg\u00fan el a\u00f1o y los proyectos, quien de algun modo funda la editorial&#8230;<\/p>\n<p class=\"more-link-wrap\"><a href=\"https:\/\/www.tepatiki.com.ar\/index.php\/bienvenida\/quienes-hacemos-tepatiki-editorial\/\" class=\"more-link\">Read More<span class=\"screen-reader-text\"> &ldquo;Qui\u00e9nes somos en Tepatiki Editorial &#8211; El equipo&rdquo;<\/span> &raquo;<\/a><\/p>\n","protected":false},"author":1,"featured_media":0,"parent":2,"menu_order":0,"comment_status":"closed","ping_status":"closed","template":"","meta":{"_monsterinsights_skip_tracking":false,"_monsterinsights_sitenote_active":false,"_monsterinsights_sitenote_note":"","_monsterinsights_sitenote_category":0,"_uf_show_specific_survey":0,"_uf_disable_surveys":false,"footnotes":""},"class_list":["post-424","page","type-page","status-publish","hentry"],"aioseo_notices":[],"_links":{"self":[{"href":"https:\/\/www.tepatiki.com.ar\/index.php\/wp-json\/wp\/v2\/pages\/424","targetHints":{"allow":["GET"]}}],"collection":[{"href":"https:\/\/www.tepatiki.com.ar\/index.php\/wp-json\/wp\/v2\/pages"}],"about":[{"href":"https:\/\/www.tepatiki.com.ar\/index.php\/wp-json\/wp\/v2\/types\/page"}],"author":[{"embeddable":true,"href":"https:\/\/www.tepatiki.com.ar\/index.php\/wp-json\/wp\/v2\/users\/1"}],"replies":[{"embeddable":true,"href":"https:\/\/www.tepatiki.com.ar\/index.php\/wp-json\/wp\/v2\/comments?post=424"}],"version-history":[{"count":7,"href":"https:\/\/www.tepatiki.com.ar\/index.php\/wp-json\/wp\/v2\/pages\/424\/revisions"}],"predecessor-version":[{"id":1214,"href":"https:\/\/www.tepatiki.com.ar\/index.php\/wp-json\/wp\/v2\/pages\/424\/revisions\/1214"}],"up":[{"embeddable":true,"href":"https:\/\/www.tepatiki.com.ar\/index.php\/wp-json\/wp\/v2\/pages\/2"}],"wp:attachment":[{"href":"https:\/\/www.tepatiki.com.ar\/index.php\/wp-json\/wp\/v2\/media?parent=424"}],"curies":[{"name":"wp","href":"https:\/\/api.w.org\/{rel}","templated":true}]}}